{"id":4152,"date":"2020-11-23T05:50:21","date_gmt":"2020-11-23T05:50:21","guid":{"rendered":"https:\/\/finefibers.ch\/?post_type=product&#038;p=4152"},"modified":"2023-01-05T14:23:38","modified_gmt":"2023-01-05T14:23:38","slug":"becks-marine","status":"publish","type":"product","link":"https:\/\/finefibers.ch\/de\/produkt\/becks-marine\/","title":{"rendered":"Becks Beanie (Olive)"},"content":{"rendered":"<p>Unisex, one size M\u00fctze, passt zu unterschiedlichsten Stilrichtungen.<br \/>\nEine M\u00fctze f\u00fcr alle F\u00e4lle. F\u00fcr Sie und Ihn. F\u00fcr jeden Tag. Die M\u00fctze im eleganten Linksstrick zu einem schicken, einem klassischen oder sportlichen Stil. Ein Muss f\u00fcr die kalten Tage.<br \/>\nKombiniere die M\u00fctze mit einem federleichten eleganten Schal im gleichen Linksstrick oder mit einem weichen, elastisch fliessenden Schal im Patent Look.<br \/>\nOder schenk ihn einem engen Freund oder entfernten Verwandten.<\/p>\n<p>Swiss Merino Superfino Wolle ist weich und warm wie Kaschmir. Die Wolle ist vollst\u00e4ndig r\u00fcckverfolgbar. Hier findest du mehr Informationen \u00fcber die <a href=\"https:\/\/www.swiss-merino.ch\" target=\"_blank\" rel=\"noopener noreferrer\">Schweizer Merinos<\/a> und wo du die Schafe besuchen kannst.<\/p>\n<p>Die M\u00fctze wurde in der Schweiz hergestellt.<\/p>\n<p>Pflegeanleitung: Handw\u00e4sche<\/p>","protected":false},"excerpt":{"rendered":"<p>Beanie: unisex, stretches to fit, one size . <span style=\"color: #808000;\">Marine blue is <span style=\"color: #000000;\">sold out<\/span> &#8211; new colour: oohlive<\/span>!<\/p>","protected":false},"featured_media":4236,"template":"","meta":{"site-sidebar-layout":"default","site-content-layout":"default","ast-site-content-layout":"","site-content-style":"default","site-sidebar-style":"default","ast-global-header-display":"","ast-banner-title-visibility":"","ast-main-header-display":"","ast-hfb-above-header-display":"","ast-hfb-below-header-display":"","ast-hfb-mobile-header-display":"","site-post-title":"","ast-breadcrumbs-content":"","ast-featured-img":"","footer-sml-layout":"","theme-transparent-header-meta":"default","adv-header-id-meta":"","stick-header-meta":"","header-above-stick-meta":"","header-main-stick-meta":"","header-below-stick-meta":"","astra-migrate-meta-layouts":"default","ast-page-background-enabled":"default","ast-page-background-meta":{"desktop":{"background-color":"","background-image":"","background-repeat":"repeat","background-position":"center center","background-size":"auto","background-attachment":"scroll","background-type":"","background-media":"","overlay-type":"","overlay-color":"","overlay-opacity":"","overlay-gradient":""},"tablet":{"background-color":"","background-image":"","background-repeat":"repeat","background-position":"center center","background-size":"auto","background-attachment":"scroll","background-type":"","background-media":"","overlay-type":"","overlay-color":"","overlay-opacity":"","overlay-gradient":""},"mobile":{"background-color":"","background-image":"","background-repeat":"repeat","background-position":"center center","background-size":"auto","background-attachment":"scroll","background-type":"","background-media":"","overlay-type":"","overlay-color":"","overlay-opacity":"","overlay-gradient":""}},"ast-content-background-meta":{"desktop":{"background-color":"var(--ast-global-color-5)","background-image":"","background-repeat":"repeat","background-position":"center center","background-size":"auto","background-attachment":"scroll","background-type":"","background-media":"","overlay-type":"","overlay-color":"","overlay-opacity":"","overlay-gradient":""},"tablet":{"background-color":"var(--ast-global-color-5)","background-image":"","background-repeat":"repeat","background-position":"center center","background-size":"auto","background-attachment":"scroll","background-type":"","background-media":"","overlay-type":"","overlay-color":"","overlay-opacity":"","overlay-gradient":""},"mobile":{"background-color":"var(--ast-global-color-5)","background-image":"","background-repeat":"repeat","background-position":"center center","background-size":"auto","background-attachment":"scroll","background-type":"","background-media":"","overlay-type":"","overlay-color":"","overlay-opacity":"","overlay-gradient":""}}},"product_brand":[],"product_cat":[41],"product_tag":[42],"class_list":{"0":"post-4152","1":"product","2":"type-product","3":"status-publish","4":"has-post-thumbnail","6":"product_cat-beanies","7":"product_tag-merino","8":"product_shipping_class-postpac-economy","9":"desktop-align-left","10":"tablet-align-left","11":"mobile-align-left","13":"first","14":"instock","15":"featured","16":"taxable","17":"shipping-taxable","18":"purchasable","19":"product-type-simple"},"_links":{"self":[{"href":"https:\/\/finefibers.ch\/de\/wp-json\/wp\/v2\/product\/4152"}],"collection":[{"href":"https:\/\/finefibers.ch\/de\/wp-json\/wp\/v2\/product"}],"about":[{"href":"https:\/\/finefibers.ch\/de\/wp-json\/wp\/v2\/types\/product"}],"wp:featuredmedia":[{"embeddable":true,"href":"https:\/\/finefibers.ch\/de\/wp-json\/wp\/v2\/media\/4236"}],"wp:attachment":[{"href":"https:\/\/finefibers.ch\/de\/wp-json\/wp\/v2\/media?parent=4152"}],"wp:term":[{"taxonomy":"product_brand","embeddable":true,"href":"https:\/\/finefibers.ch\/de\/wp-json\/wp\/v2\/product_brand?post=4152"},{"taxonomy":"product_cat","embeddable":true,"href":"https:\/\/finefibers.ch\/de\/wp-json\/wp\/v2\/product_cat?post=4152"},{"taxonomy":"product_tag","embeddable":true,"href":"https:\/\/finefibers.ch\/de\/wp-json\/wp\/v2\/product_tag?post=4152"}],"curies":[{"name":"wp","href":"https:\/\/api.w.org\/{rel}","templated":true}]}}