{"id":4415,"date":"2020-12-08T08:00:51","date_gmt":"2020-12-08T08:00:51","guid":{"rendered":"https:\/\/finefibers.ch\/?post_type=product&#038;p=4415"},"modified":"2023-01-16T10:28:20","modified_gmt":"2023-01-16T10:28:20","slug":"winnie","status":"publish","type":"product","link":"https:\/\/finefibers.ch\/de\/produkt\/winnie\/","title":{"rendered":"Winnie"},"content":{"rendered":"<p>Winnie the Swiss Cashmere Cat.<\/p>\n<p>Verstricken Sie das Kaschmir und machen das wertvollste Geschenk f\u00fcr ihre meistgeliebten Kinder. Winnie wird zum geliebten Kumpel f\u00fcr gute Zeiten und f\u00fcr schlechte Tage, wenn treue Freunde weit weg sind.<\/p>\n<p>Oder, Sie schenken einer Strickfreundin die Schweizer Kaschmirwolle f\u00fcr einige Stunden Abwechslung und Zerstreuung.<\/p>\n<p>Das Kaschmir wurde von Kaschmirziegen ausgek\u00e4mmt (nicht geschoren), die in der Schweiz gez\u00fcchtet wurden. Die Wolle wurde in der Schweiz gewaschen und versponnen.<\/p>\n<p>Das Winnie-Paket umfasst die Strickanleitung von Donatella Marante, 50 gr. feinste Schweizer Kaschmirwolle, sowie blaues und pinkes Garn f\u00fcr Augen und Nase.<\/p>\n<p>Strick-Champions ben\u00f6tigen etwa 9 Stunden - \u00fcbrige Strickerinnen und Stricker rechnen bis 2 Arbeitstage. Mittlerer Schwierigkeitsgrad.<\/p>","protected":false},"excerpt":{"rendered":"<p>Winnie the Swiss Cashmere Cat.<\/p>\n<p>Stricken Sie selbst oder verschenken Sie das Schweizer Kaschmir.<\/p>","protected":false},"featured_media":4464,"template":"","meta":{"site-sidebar-layout":"default","site-content-layout":"default","ast-site-content-layout":"","site-content-style":"default","site-sidebar-style":"default","ast-global-header-display":"","ast-banner-title-visibility":"","ast-main-header-display":"","ast-hfb-above-header-display":"","ast-hfb-below-header-display":"","ast-hfb-mobile-header-display":"","site-post-title":"","ast-breadcrumbs-content":"","ast-featured-img":"","footer-sml-layout":"","theme-transparent-header-meta":"default","adv-header-id-meta":"","stick-header-meta":"","header-above-stick-meta":"","header-main-stick-meta":"","header-below-stick-meta":"","astra-migrate-meta-layouts":"default","ast-page-background-enabled":"default","ast-page-background-meta":{"desktop":{"background-color":"","background-image":"","background-repeat":"repeat","background-position":"center center","background-size":"auto","background-attachment":"scroll","background-type":"","background-media":"","overlay-type":"","overlay-color":"","overlay-opacity":"","overlay-gradient":""},"tablet":{"background-color":"","background-image":"","background-repeat":"repeat","background-position":"center center","background-size":"auto","background-attachment":"scroll","background-type":"","background-media":"","overlay-type":"","overlay-color":"","overlay-opacity":"","overlay-gradient":""},"mobile":{"background-color":"","background-image":"","background-repeat":"repeat","background-position":"center center","background-size":"auto","background-attachment":"scroll","background-type":"","background-media":"","overlay-type":"","overlay-color":"","overlay-opacity":"","overlay-gradient":""}},"ast-content-background-meta":{"desktop":{"background-color":"var(--ast-global-color-5)","background-image":"","background-repeat":"repeat","background-position":"center center","background-size":"auto","background-attachment":"scroll","background-type":"","background-media":"","overlay-type":"","overlay-color":"","overlay-opacity":"","overlay-gradient":""},"tablet":{"background-color":"var(--ast-global-color-5)","background-image":"","background-repeat":"repeat","background-position":"center center","background-size":"auto","background-attachment":"scroll","background-type":"","background-media":"","overlay-type":"","overlay-color":"","overlay-opacity":"","overlay-gradient":""},"mobile":{"background-color":"var(--ast-global-color-5)","background-image":"","background-repeat":"repeat","background-position":"center center","background-size":"auto","background-attachment":"scroll","background-type":"","background-media":"","overlay-type":"","overlay-color":"","overlay-opacity":"","overlay-gradient":""}}},"product_brand":[],"product_cat":[50],"product_tag":[43],"class_list":{"0":"post-4415","1":"product","2":"type-product","3":"status-publish","4":"has-post-thumbnail","6":"product_cat-cashmere","7":"product_tag-cashmere","8":"product_shipping_class-postpac-economy","9":"desktop-align-left","10":"tablet-align-left","11":"mobile-align-left","13":"first","14":"instock","15":"taxable","16":"shipping-taxable","17":"purchasable","18":"product-type-simple"},"_links":{"self":[{"href":"https:\/\/finefibers.ch\/de\/wp-json\/wp\/v2\/product\/4415"}],"collection":[{"href":"https:\/\/finefibers.ch\/de\/wp-json\/wp\/v2\/product"}],"about":[{"href":"https:\/\/finefibers.ch\/de\/wp-json\/wp\/v2\/types\/product"}],"wp:featuredmedia":[{"embeddable":true,"href":"https:\/\/finefibers.ch\/de\/wp-json\/wp\/v2\/media\/4464"}],"wp:attachment":[{"href":"https:\/\/finefibers.ch\/de\/wp-json\/wp\/v2\/media?parent=4415"}],"wp:term":[{"taxonomy":"product_brand","embeddable":true,"href":"https:\/\/finefibers.ch\/de\/wp-json\/wp\/v2\/product_brand?post=4415"},{"taxonomy":"product_cat","embeddable":true,"href":"https:\/\/finefibers.ch\/de\/wp-json\/wp\/v2\/product_cat?post=4415"},{"taxonomy":"product_tag","embeddable":true,"href":"https:\/\/finefibers.ch\/de\/wp-json\/wp\/v2\/product_tag?post=4415"}],"curies":[{"name":"wp","href":"https:\/\/api.w.org\/{rel}","templated":true}]}}