{"id":4418,"date":"2020-12-08T08:00:29","date_gmt":"2020-12-08T08:00:29","guid":{"rendered":"https:\/\/finefibers.ch\/?post_type=product&#038;p=4418"},"modified":"2020-12-21T09:23:14","modified_gmt":"2020-12-21T09:23:14","slug":"dschingis","status":"publish","type":"product","link":"https:\/\/finefibers.ch\/de\/produkt\/dschingis\/","title":{"rendered":"Dschingis"},"content":{"rendered":"<p>Dschingis &#8211; the cool Swiss Cashmere beanie for cold days &#8211; Small and Medium<\/p>\n<p>You knit it and give the most precious Dschingis beanie to your most beloved child &#8211; or you knit the beanies in series for all your favourite children.<\/p>\n<p>Verstricken Sie das Schweizer Kaschmir und g\u00f6nnen Sie sich einige Stunden Abwechslung und Zerstreuung - am Ende haben Sie in ein wirklich n\u00fctzliches Geschenk kreiert.<\/p>\n<p>Oder schenken Sie das Kaschmir einer Freundin oder einem Freund und g\u00f6nnen denen das Strickerlebnis mit dieser weichen und warmen Wolle.<\/p>\n<p>Das Kaschmir wurde von Kaschmirziegen ausgek\u00e4mmt (nicht geschoren), die in der Schweiz gez\u00fcchtet wurden. Die Wolle wurde in der Schweiz gewaschen und versponnen.<\/p>\n<p>The Dschingis-package includes both knitting instructions (S \/ M) by Donatella Maranta and 50 gr. of the finest Swiss Cashmere wool.<\/p>\n<p>Strick-Champions ben\u00f6tigen 3 Stunden f\u00fcr das M\u00fctzchen - \u00fcbrige Stricker und Strickerinnen ben\u00f6tigen 5 bis 6 Stunden. Mittlerer Schwierigkeitsgrad.<\/p>","protected":false},"excerpt":{"rendered":"<p>Dschingis &#8211; the cool Swiss Cashmere beanie for babies (S) and small children (M).<\/p>\n<p>Stricken Sie selbst oder verschenken Sie das Schweizer Kaschmir.<\/p>","protected":false},"featured_media":4465,"template":"","meta":{"site-sidebar-layout":"default","site-content-layout":"default","ast-site-content-layout":"","site-content-style":"default","site-sidebar-style":"default","ast-global-header-display":"","ast-banner-title-visibility":"","ast-main-header-display":"","ast-hfb-above-header-display":"","ast-hfb-below-header-display":"","ast-hfb-mobile-header-display":"","site-post-title":"","ast-breadcrumbs-content":"","ast-featured-img":"","footer-sml-layout":"","theme-transparent-header-meta":"default","adv-header-id-meta":"","stick-header-meta":"","header-above-stick-meta":"","header-main-stick-meta":"","header-below-stick-meta":"","astra-migrate-meta-layouts":"default","ast-page-background-enabled":"default","ast-page-background-meta":{"desktop":{"background-color":"","background-image":"","background-repeat":"repeat","background-position":"center center","background-size":"auto","background-attachment":"scroll","background-type":"","background-media":"","overlay-type":"","overlay-color":"","overlay-opacity":"","overlay-gradient":""},"tablet":{"background-color":"","background-image":"","background-repeat":"repeat","background-position":"center center","background-size":"auto","background-attachment":"scroll","background-type":"","background-media":"","overlay-type":"","overlay-color":"","overlay-opacity":"","overlay-gradient":""},"mobile":{"background-color":"","background-image":"","background-repeat":"repeat","background-position":"center center","background-size":"auto","background-attachment":"scroll","background-type":"","background-media":"","overlay-type":"","overlay-color":"","overlay-opacity":"","overlay-gradient":""}},"ast-content-background-meta":{"desktop":{"background-color":"var(--ast-global-color-5)","background-image":"","background-repeat":"repeat","background-position":"center center","background-size":"auto","background-attachment":"scroll","background-type":"","background-media":"","overlay-type":"","overlay-color":"","overlay-opacity":"","overlay-gradient":""},"tablet":{"background-color":"var(--ast-global-color-5)","background-image":"","background-repeat":"repeat","background-position":"center center","background-size":"auto","background-attachment":"scroll","background-type":"","background-media":"","overlay-type":"","overlay-color":"","overlay-opacity":"","overlay-gradient":""},"mobile":{"background-color":"var(--ast-global-color-5)","background-image":"","background-repeat":"repeat","background-position":"center center","background-size":"auto","background-attachment":"scroll","background-type":"","background-media":"","overlay-type":"","overlay-color":"","overlay-opacity":"","overlay-gradient":""}}},"product_brand":[],"product_cat":[50],"product_tag":[43],"class_list":{"0":"post-4418","1":"product","2":"type-product","3":"status-publish","4":"has-post-thumbnail","6":"product_cat-cashmere","7":"product_tag-cashmere","8":"product_shipping_class-postpac-economy","9":"desktop-align-left","10":"tablet-align-left","11":"mobile-align-left","13":"first","14":"instock","15":"taxable","16":"shipping-taxable","17":"purchasable","18":"product-type-simple"},"_links":{"self":[{"href":"https:\/\/finefibers.ch\/de\/wp-json\/wp\/v2\/product\/4418"}],"collection":[{"href":"https:\/\/finefibers.ch\/de\/wp-json\/wp\/v2\/product"}],"about":[{"href":"https:\/\/finefibers.ch\/de\/wp-json\/wp\/v2\/types\/product"}],"wp:featuredmedia":[{"embeddable":true,"href":"https:\/\/finefibers.ch\/de\/wp-json\/wp\/v2\/media\/4465"}],"wp:attachment":[{"href":"https:\/\/finefibers.ch\/de\/wp-json\/wp\/v2\/media?parent=4418"}],"wp:term":[{"taxonomy":"product_brand","embeddable":true,"href":"https:\/\/finefibers.ch\/de\/wp-json\/wp\/v2\/product_brand?post=4418"},{"taxonomy":"product_cat","embeddable":true,"href":"https:\/\/finefibers.ch\/de\/wp-json\/wp\/v2\/product_cat?post=4418"},{"taxonomy":"product_tag","embeddable":true,"href":"https:\/\/finefibers.ch\/de\/wp-json\/wp\/v2\/product_tag?post=4418"}],"curies":[{"name":"wp","href":"https:\/\/api.w.org\/{rel}","templated":true}]}}